{"id":204,"date":"2019-09-30T08:45:25","date_gmt":"2019-09-30T06:45:25","guid":{"rendered":"http:\/\/plaques.interactions.fr\/?page_id=204"},"modified":"2020-02-12T17:00:01","modified_gmt":"2020-02-12T16:00:01","slug":"tout-en-1","status":"publish","type":"page","link":"https:\/\/plaques.interactions.fr\/index.php\/tout-en-1\/","title":{"rendered":"Solution Plaques"},"content":{"rendered":"<h1 style=\"text-align: center;\"><a href=\"https:\/\/plaques.interactions.fr\/index.php\/tout-en-1\/conceottouten1-8\/\" rel=\"attachment wp-att-443\"><img loading=\"lazy\" decoding=\"async\" class=\"alignnone size-full wp-image-443\" src=\"https:\/\/plaques.interactions.fr\/wp-content\/uploads\/2019\/09\/conceottouten1-8.png\" alt=\"\" width=\"1952\" height=\"397\" srcset=\"https:\/\/plaques.interactions.fr\/wp-content\/uploads\/2019\/09\/conceottouten1-8.png 1952w, https:\/\/plaques.interactions.fr\/wp-content\/uploads\/2019\/09\/conceottouten1-8-300x61.png 300w, https:\/\/plaques.interactions.fr\/wp-content\/uploads\/2019\/09\/conceottouten1-8-768x156.png 768w, https:\/\/plaques.interactions.fr\/wp-content\/uploads\/2019\/09\/conceottouten1-8-1024x208.png 1024w\" sizes=\"auto, (max-width: 706px) 89vw, (max-width: 767px) 82vw, 740px\" \/><\/a><img loading=\"lazy\" decoding=\"async\" class=\"alignnone size-full wp-image-363\" src=\"https:\/\/plaques.interactions.fr\/wp-content\/uploads\/2019\/09\/fond-2-100-1.jpg\" alt=\"\" width=\"2006\" height=\"804\" srcset=\"https:\/\/plaques.interactions.fr\/wp-content\/uploads\/2019\/09\/fond-2-100-1.jpg 2006w, https:\/\/plaques.interactions.fr\/wp-content\/uploads\/2019\/09\/fond-2-100-1-300x120.jpg 300w, https:\/\/plaques.interactions.fr\/wp-content\/uploads\/2019\/09\/fond-2-100-1-768x308.jpg 768w, https:\/\/plaques.interactions.fr\/wp-content\/uploads\/2019\/09\/fond-2-100-1-1024x410.jpg 1024w\" sizes=\"auto, (max-width: 706px) 89vw, (max-width: 767px) 82vw, 740px\" \/><\/h1>\n<h1 style=\"text-align: center;\"><strong><span style=\"color: #ff0000;\">LOGICIEL<\/span><\/strong><\/h1>\n<p style=\"text-align: center;\">Logiciel en ligne, ergonomique et \u00e9volutif.<br \/>\nChoix entre deux styles de polices homologu\u00e9s.<br \/>\nBon de commande interactif avec alerte de stock mini.<br \/>\nActualisation du logiciel conform\u00e9ment aux lois en vigueur.<\/p>\n<p><a href=\"https:\/\/plaques.interactions.fr\/index.php\/tout-en-1\/versionlogiciel-8\/\" rel=\"attachment wp-att-447\"><img loading=\"lazy\" decoding=\"async\" class=\"wp-image-447 aligncenter\" src=\"https:\/\/plaques.interactions.fr\/wp-content\/uploads\/2019\/09\/versionlogiciel-8.png\" alt=\"\" width=\"499\" height=\"227\" srcset=\"https:\/\/plaques.interactions.fr\/wp-content\/uploads\/2019\/09\/versionlogiciel-8.png 1653w, https:\/\/plaques.interactions.fr\/wp-content\/uploads\/2019\/09\/versionlogiciel-8-300x136.png 300w, https:\/\/plaques.interactions.fr\/wp-content\/uploads\/2019\/09\/versionlogiciel-8-768x349.png 768w, https:\/\/plaques.interactions.fr\/wp-content\/uploads\/2019\/09\/versionlogiciel-8-1024x466.png 1024w\" sizes=\"auto, (max-width: 499px) 100vw, 499px\" \/><\/a><\/p>\n<hr \/>\n<h1 style=\"text-align: center;\"><span style=\"color: #ff0000;\"><strong>IMPRESSION<\/strong><\/span><\/h1>\n<p style=\"text-align: center;\">Syst\u00e8me d\u2019impression sur produits r\u00e9tro-r\u00e9fl\u00e9chissants.<br \/>\nUne imprimante (TOUT EN 1) pour tous les formats homologu\u00e9s.<br \/>\nR\u00e9duction des co\u00fbts gr\u00e2ce \u00e0 la technologie laser.<\/p>\n<p><a href=\"https:\/\/plaques.interactions.fr\/index.php\/tout-en-1\/imprimantebande-8\/\" rel=\"attachment wp-att-445\"><img loading=\"lazy\" decoding=\"async\" class=\"wp-image-445 aligncenter\" src=\"https:\/\/plaques.interactions.fr\/wp-content\/uploads\/2019\/09\/imprimantebande-8.png\" alt=\"\" width=\"171\" height=\"221\" srcset=\"https:\/\/plaques.interactions.fr\/wp-content\/uploads\/2019\/09\/imprimantebande-8.png 519w, https:\/\/plaques.interactions.fr\/wp-content\/uploads\/2019\/09\/imprimantebande-8-233x300.png 233w\" sizes=\"auto, (max-width: 171px) 100vw, 171px\" \/><\/a><\/p>\n<hr \/>\n<h1 style=\"text-align: center;\"><span style=\"color: #ff0000;\"><strong>LAMINATION<\/strong><\/span><\/h1>\n<p style=\"text-align: center;\">Syst\u00e8me de lamination.<\/p>\n<p style=\"text-align: center;\"><a href=\"https:\/\/plaques.interactions.fr\/index.php\/tout-en-1\/lamination-8\/\" rel=\"attachment wp-att-458\"><img loading=\"lazy\" decoding=\"async\" class=\"wp-image-458 aligncenter\" src=\"https:\/\/plaques.interactions.fr\/wp-content\/uploads\/2019\/09\/lamination-8.png\" alt=\"\" width=\"238\" height=\"163\" srcset=\"https:\/\/plaques.interactions.fr\/wp-content\/uploads\/2019\/09\/lamination-8.png 523w, https:\/\/plaques.interactions.fr\/wp-content\/uploads\/2019\/09\/lamination-8-300x205.png 300w\" sizes=\"auto, (max-width: 238px) 100vw, 238px\" \/><\/a><\/p>\n<hr \/>\n<h1 style=\"text-align: center;\"><span style=\"color: #ff0000;\"><strong>PRODUIT<\/strong><\/span><\/h1>\n<p style=\"text-align: center;\">Plaques en acrylique inject\u00e9es.<br \/>\nGrande r\u00e9sistance aux chocs et aux UV.<br \/>\nVotre Raison Sociale sur mesure.<br \/>\nUne \u00e9quipe graphique \u00e0 votre service.<br \/>\nFinitions couleurs tr\u00e8s haut de gamme.<br \/>\nHomologu\u00e9 par le Minist\u00e8re des Transports (UTAC).<\/p>\n<p><a href=\"https:\/\/plaques.interactions.fr\/index.php\/tout-en-1\/hautdegamme-8\/\" rel=\"attachment wp-att-444\"><img loading=\"lazy\" decoding=\"async\" class=\"wp-image-444 aligncenter\" src=\"https:\/\/plaques.interactions.fr\/wp-content\/uploads\/2019\/09\/hautdegamme-8.png\" alt=\"\" width=\"366\" height=\"174\" srcset=\"https:\/\/plaques.interactions.fr\/wp-content\/uploads\/2019\/09\/hautdegamme-8.png 1022w, https:\/\/plaques.interactions.fr\/wp-content\/uploads\/2019\/09\/hautdegamme-8-300x143.png 300w, https:\/\/plaques.interactions.fr\/wp-content\/uploads\/2019\/09\/hautdegamme-8-768x365.png 768w\" sizes=\"auto, (max-width: 366px) 100vw, 366px\" \/><\/a><\/p>\n<hr \/>\n<h1 style=\"text-align: center;\"><span style=\"color: #ff0000;\"><strong>AUTRES<\/strong><\/span><\/h1>\n<p style=\"text-align: center;\">Plaques sp\u00e9cifiques sur mesure.<\/p>\n<p style=\"text-align: center;\"><a href=\"https:\/\/plaques.interactions.fr\/index.php\/tout-en-1\/signaletique-8\/\" rel=\"attachment wp-att-446\"><img loading=\"lazy\" decoding=\"async\" class=\"alignnone wp-image-446\" src=\"https:\/\/plaques.interactions.fr\/wp-content\/uploads\/2019\/09\/signal\u00e9tique-8.png\" alt=\"\" width=\"485\" height=\"234\" srcset=\"https:\/\/plaques.interactions.fr\/wp-content\/uploads\/2019\/09\/signal\u00e9tique-8.png 955w, https:\/\/plaques.interactions.fr\/wp-content\/uploads\/2019\/09\/signal\u00e9tique-8-300x145.png 300w, https:\/\/plaques.interactions.fr\/wp-content\/uploads\/2019\/09\/signal\u00e9tique-8-768x371.png 768w\" sizes=\"auto, (max-width: 485px) 100vw, 485px\" \/><\/a><\/p>\n<hr \/>\n<h1 style=\"text-align: center;\"><span style=\"color: #ff0000;\"><strong>ACCESSOIRES<\/strong><\/span><\/h1>\n<p style=\"text-align: center;\">Avec une gamme compl\u00e8te d\u2019accessoires:<br \/>\nRivets, caches, laminateur, &#8230;<\/p>\n<p style=\"text-align: center;\"><a href=\"https:\/\/plaques.interactions.fr\/index.php\/tout-en-1\/rivets-8\/\" rel=\"attachment wp-att-454\"><img loading=\"lazy\" decoding=\"async\" class=\"alignnone size-full wp-image-454\" src=\"https:\/\/plaques.interactions.fr\/wp-content\/uploads\/2019\/09\/rivets-8.png\" alt=\"\" width=\"186\" height=\"78\" \/><\/a><\/p>\n","protected":false},"excerpt":{"rendered":"<p>LOGICIEL Logiciel en ligne, ergonomique et \u00e9volutif. Choix entre deux styles de polices homologu\u00e9s. Bon de commande interactif avec alerte de stock mini. Actualisation du logiciel conform\u00e9ment aux lois en vigueur. IMPRESSION Syst\u00e8me d\u2019impression sur produits r\u00e9tro-r\u00e9fl\u00e9chissants. Une imprimante (TOUT EN 1) pour tous les formats homologu\u00e9s. R\u00e9duction des co\u00fbts gr\u00e2ce \u00e0 la technologie laser. &hellip; <\/p>\n<p class=\"link-more\"><a href=\"https:\/\/plaques.interactions.fr\/index.php\/tout-en-1\/\" class=\"more-link\">Continuer la lecture<span class=\"screen-reader-text\"> de &laquo;&nbsp;Solution Plaques&nbsp;&raquo;<\/span><\/a><\/p>\n","protected":false},"author":1,"featured_media":0,"parent":0,"menu_order":0,"comment_status":"closed","ping_status":"closed","template":"","meta":{"footnotes":""},"class_list":["post-204","page","type-page","status-publish","hentry"],"_links":{"self":[{"href":"https:\/\/plaques.interactions.fr\/index.php\/wp-json\/wp\/v2\/pages\/204","targetHints":{"allow":["GET"]}}],"collection":[{"href":"https:\/\/plaques.interactions.fr\/index.php\/wp-json\/wp\/v2\/pages"}],"about":[{"href":"https:\/\/plaques.interactions.fr\/index.php\/wp-json\/wp\/v2\/types\/page"}],"author":[{"embeddable":true,"href":"https:\/\/plaques.interactions.fr\/index.php\/wp-json\/wp\/v2\/users\/1"}],"replies":[{"embeddable":true,"href":"https:\/\/plaques.interactions.fr\/index.php\/wp-json\/wp\/v2\/comments?post=204"}],"version-history":[{"count":20,"href":"https:\/\/plaques.interactions.fr\/index.php\/wp-json\/wp\/v2\/pages\/204\/revisions"}],"predecessor-version":[{"id":461,"href":"https:\/\/plaques.interactions.fr\/index.php\/wp-json\/wp\/v2\/pages\/204\/revisions\/461"}],"wp:attachment":[{"href":"https:\/\/plaques.interactions.fr\/index.php\/wp-json\/wp\/v2\/media?parent=204"}],"curies":[{"name":"wp","href":"https:\/\/api.w.org\/{rel}","templated":true}]}}