{"id":57,"date":"2019-09-10T20:49:50","date_gmt":"2019-09-10T18:49:50","guid":{"rendered":"http:\/\/plaques.interactions.fr\/?page_id=57"},"modified":"2020-02-12T15:53:15","modified_gmt":"2020-02-12T14:53:15","slug":"presentation","status":"publish","type":"page","link":"https:\/\/plaques.interactions.fr\/index.php\/presentation\/","title":{"rendered":"Inter-Actions"},"content":{"rendered":"\r\n<p style=\"text-align: center;\">Implant\u00e9 sur Nantes \u00e0 sa cr\u00e9ation en 1981 et fort de son d\u00e9veloppement dans les accessoires pour AUTOS et MOTOS, <strong>INTER-ACTIONS<\/strong> d\u00e9m\u00e9nage en 2005 en p\u00e9riph\u00e9rie nantaise dans cette structure.<\/p>\r\n<p style=\"text-align: center;\"><strong><img loading=\"lazy\" decoding=\"async\" class=\"aligncenter wp-image-178 size-large\" src=\"https:\/\/plaques.interactions.fr\/wp-content\/uploads\/2019\/09\/contact_1-1024x586.png\" alt=\"\" width=\"525\" height=\"300\" srcset=\"https:\/\/plaques.interactions.fr\/wp-content\/uploads\/2019\/09\/contact_1-1024x586.png 1024w, https:\/\/plaques.interactions.fr\/wp-content\/uploads\/2019\/09\/contact_1-300x172.png 300w, https:\/\/plaques.interactions.fr\/wp-content\/uploads\/2019\/09\/contact_1-768x439.png 768w, https:\/\/plaques.interactions.fr\/wp-content\/uploads\/2019\/09\/contact_1.png 1030w\" sizes=\"auto, (max-width: 525px) 100vw, 525px\" \/>\r\nINTER-ACTIONS<\/strong>, pr\u00e9curseur dans la plaque d&rsquo;immatriculation PMMA depuis 2000, propose un concept toujours innovant et adapt\u00e9 aux besoins des professionnels concessionnaires auto-moto, accessoiristes, grossistes, dans un soucis de facilit\u00e9 et de rapidit\u00e9 de r\u00e9alisation.<\/p>\r\n<p style=\"text-align: center;\"><\/p>\r\n<p style=\"text-align: center;\">Pr\u00e8s de NANTES, notre outils de production con\u00e7oit et fabrique les solutions d&rsquo;impression des plaques d&rsquo;immatriculation avec un leitmotiv :<\/p>\r\n<p style=\"text-align: center;\"><b>LA QUALIT\u00c9\u00a0DANS LE STRICT RESPECT DE LA R\u00c9GLEMENTATION\u00a0EN VIGUEUR.<\/b><\/p>\r\n<p style=\"text-align: center;\">Fort de son \u00e9quipe et de ses moyens de production,<strong>\r\nINTER-ACTIONS<\/strong> assure un service de qualit\u00e9 avec sa r\u00e9activit\u00e9 en amont des demandes de nos partenaires &#8211; \u00e0 l&rsquo;\u00e9coute du march\u00e9.<\/p>\r\n<p style=\"text-align: left;\">Ses locaux permettent d&rsquo;accueillir des outils de productions \u00e0 la pointe comme :<\/p>\r\n\r\n<ul style=\"text-align: left;\">\r\n \t<li>ses machines d&rsquo;impression.<\/li>\r\n \t<li>ses machines de d\u00e9coupe.<\/li>\r\n \t<li>sa machine d&rsquo;encollage.<\/li>\r\n<\/ul>\r\n<p style=\"text-align: left;\">ainsi que :<\/p>\r\n\r\n<ul>\r\n \t<li style=\"text-align: left;\">un service R&amp;D informatique pour la cr\u00e9ation et le d\u00e9veloppement de ses logiciels d&rsquo;impression et la mise au point du mat\u00e9riel d&rsquo;impression.<\/li>\r\n \t<li style=\"text-align: left;\">un d\u00e9partement DAO PAO au service des clients dans le respect de leur image.<\/li>\r\n \t<li style=\"text-align: left;\">du stockage et toute activit\u00e9 inh\u00e9rente \u00e0 la logistique.<\/li>\r\n<\/ul>\r\n<p style=\"text-align: center;\"><img loading=\"lazy\" decoding=\"async\" class=\"alignnone size-full wp-image-400\" src=\"https:\/\/plaques.interactions.fr\/wp-content\/uploads\/2019\/09\/machines-ia-100.jpg\" alt=\"\" width=\"2000\" height=\"448\" srcset=\"https:\/\/plaques.interactions.fr\/wp-content\/uploads\/2019\/09\/machines-ia-100.jpg 2000w, https:\/\/plaques.interactions.fr\/wp-content\/uploads\/2019\/09\/machines-ia-100-300x67.jpg 300w, https:\/\/plaques.interactions.fr\/wp-content\/uploads\/2019\/09\/machines-ia-100-768x172.jpg 768w, https:\/\/plaques.interactions.fr\/wp-content\/uploads\/2019\/09\/machines-ia-100-1024x229.jpg 1024w\" sizes=\"auto, (max-width: 706px) 89vw, (max-width: 767px) 82vw, 740px\" \/><\/p>\r\n\r\n<h1 style=\"text-align: center;\"><strong>QUALIT\u00c9<\/strong><\/h1>\r\nFort de son soucis de satisfaction de la client\u00e8le et de son organisation avec tra\u00e7abilit\u00e9 des diff\u00e9rents flux, INTER-ACTIONS est certifi\u00e9 ISO9001 depuis 2008.\r\n\r\nD&rsquo;ailleurs, dans le cadre des exigences de l\u2019ISO 9001, la politique g\u00e9n\u00e9rale d\u2019Inter-Actions est\u00a0d\u2019offrir\u00a0le bon produit, le bon service, et de satisfaire la client\u00e8le, dans des conditions socio-technico-\u00e9conomiques satisfaisantes ainsi qu\u2019en accord avec l\u2019am\u00e9lioration continue de sa m\u00e9thode de gestion de la qualit\u00e9 dite plus couramment PDCA (PLAN-DO- CHECK-ACT).\r\n<p style=\"text-align: center;\"><strong><a href=\"https:\/\/plaques.interactions.fr\/wp-content\/uploads\/2019\/09\/certificat-ISO-9001-2019.pdf\">Certificat INTER-ACTIONS ISO 9001 \u00e9dition 2015<\/a><\/strong><\/p>\r\n<p style=\"text-align: center;\"><em><strong><span style=\"color: #ff0000;\"><a style=\"color: #ff0000;\" href=\"http:\/\/plaques.interactions.fr\/index.php\/contact\/\">Nous contacter pour tous renseignements compl\u00e9mentaires &#8230;<\/a><\/span><\/strong><\/em><\/p>\r\n&nbsp;\r\n\r\n<!-- \/wp:post-content -->","protected":false},"excerpt":{"rendered":"<p>Implant\u00e9 sur Nantes \u00e0 sa cr\u00e9ation en 1981 et fort de son d\u00e9veloppement dans les accessoires pour AUTOS et MOTOS, INTER-ACTIONS d\u00e9m\u00e9nage en 2005 en p\u00e9riph\u00e9rie nantaise dans cette structure. INTER-ACTIONS, pr\u00e9curseur dans la plaque d&rsquo;immatriculation PMMA depuis 2000, propose un concept toujours innovant et adapt\u00e9 aux besoins des professionnels concessionnaires auto-moto, accessoiristes, grossistes, dans &hellip; <\/p>\n<p class=\"link-more\"><a href=\"https:\/\/plaques.interactions.fr\/index.php\/presentation\/\" class=\"more-link\">Continuer la lecture<span class=\"screen-reader-text\"> de &laquo;&nbsp;Inter-Actions&nbsp;&raquo;<\/span><\/a><\/p>\n","protected":false},"author":1,"featured_media":0,"parent":0,"menu_order":0,"comment_status":"closed","ping_status":"closed","template":"","meta":{"footnotes":""},"class_list":["post-57","page","type-page","status-publish","hentry"],"_links":{"self":[{"href":"https:\/\/plaques.interactions.fr\/index.php\/wp-json\/wp\/v2\/pages\/57","targetHints":{"allow":["GET"]}}],"collection":[{"href":"https:\/\/plaques.interactions.fr\/index.php\/wp-json\/wp\/v2\/pages"}],"about":[{"href":"https:\/\/plaques.interactions.fr\/index.php\/wp-json\/wp\/v2\/types\/page"}],"author":[{"embeddable":true,"href":"https:\/\/plaques.interactions.fr\/index.php\/wp-json\/wp\/v2\/users\/1"}],"replies":[{"embeddable":true,"href":"https:\/\/plaques.interactions.fr\/index.php\/wp-json\/wp\/v2\/comments?post=57"}],"version-history":[{"count":33,"href":"https:\/\/plaques.interactions.fr\/index.php\/wp-json\/wp\/v2\/pages\/57\/revisions"}],"predecessor-version":[{"id":333,"href":"https:\/\/plaques.interactions.fr\/index.php\/wp-json\/wp\/v2\/pages\/57\/revisions\/333"}],"wp:attachment":[{"href":"https:\/\/plaques.interactions.fr\/index.php\/wp-json\/wp\/v2\/media?parent=57"}],"curies":[{"name":"wp","href":"https:\/\/api.w.org\/{rel}","templated":true}]}}